{"id":2594,"date":"2022-10-27T12:56:20","date_gmt":"2022-10-27T12:56:20","guid":{"rendered":"https:\/\/fraserfrance.com\/politica-de-privacidade\/"},"modified":"2023-03-06T15:15:58","modified_gmt":"2023-03-06T15:15:58","slug":"politica-de-privacidade","status":"publish","type":"page","link":"https:\/\/fraserfrance.com\/pt-pt\/politica-de-privacidade\/","title":{"rendered":"Pol\u00edtica de Privacidade"},"content":{"rendered":"<p>[et_pb_section fb_built=&#8221;1&#8243; _builder_version=&#8221;4.14.8&#8243; _module_preset=&#8221;default&#8221; global_colors_info=&#8221;{}&#8221;][et_pb_row _builder_version=&#8221;4.14.8&#8243; _module_preset=&#8221;default&#8221; locked=&#8221;off&#8221; global_colors_info=&#8221;{}&#8221;][et_pb_column type=&#8221;4_4&#8243; _builder_version=&#8221;4.14.8&#8243; _module_preset=&#8221;default&#8221; global_colors_info=&#8221;{}&#8221;][et_pb_text content_tablet=&#8221;<\/p>\n<h2 class=%22contour%22 style=%22text-align: center;%22>Os nossos<span class=%22typofine%22> servi\u00e7os<\/span><\/h2>\n<p>&#8221; content_phone=&#8221;<\/p>\n<h2 class=%22contour%22 style=%22text-align: left;%22>Os nossos<span class=%22typofine%22> servi\u00e7os<\/span><\/h2>\n<p>&#8221; content_last_edited=&#8221;on|phone&#8221; module_class=&#8221;text-shadow&#8221; _builder_version=&#8221;4.14.8&#8243; _module_preset=&#8221;default&#8221; text_font=&#8221;|800|||||||&#8221; text_text_color=&#8221;#BD1622&#8243; text_font_size=&#8221;22px&#8221; header_2_font=&#8221;Roboto|100|||||||&#8221; header_2_text_align=&#8221;left&#8221; header_2_text_color=&#8221;#BD1622&#8243; header_2_font_size=&#8221;4vw&#8221; transform_scale_tablet=&#8221;&#8221; transform_scale_phone=&#8221;&#8221; transform_scale_last_edited=&#8221;on|desktop&#8221; transform_translate_tablet=&#8221;&#8221; transform_translate_phone=&#8221;&#8221; transform_translate_last_edited=&#8221;on|desktop&#8221; transform_translate_linked=&#8221;off&#8221; transform_rotate_tablet=&#8221;&#8221; transform_rotate_phone=&#8221;&#8221; transform_rotate_last_edited=&#8221;on|desktop&#8221; transform_skew_tablet=&#8221;&#8221; transform_skew_phone=&#8221;&#8221; transform_skew_last_edited=&#8221;on|desktop&#8221; transform_origin_tablet=&#8221;&#8221; transform_origin_phone=&#8221;&#8221; transform_origin_last_edited=&#8221;on|desktop&#8221; transform_styles_last_edited=&#8221;on|desktop&#8221; custom_margin_tablet=&#8221;|||50px|false|false&#8221; custom_margin_phone=&#8221;|||30px|false|false&#8221; custom_margin_last_edited=&#8221;on|phone&#8221; animation_direction=&#8221;left&#8221; header_2_text_align_tablet=&#8221;left&#8221; header_2_text_align_phone=&#8221;left&#8221; header_2_text_align_last_edited=&#8221;on|phone&#8221; header_2_font_size_tablet=&#8221;50px&#8221; header_2_font_size_phone=&#8221;16vw&#8221; header_2_font_size_last_edited=&#8221;on|phone&#8221; transform_styles_tablet=&#8221;&#8221; transform_styles_phone=&#8221;&#8221; locked=&#8221;off&#8221; global_colors_info=&#8221;{}&#8221;]<\/p>\n<p>POL\u00cdTICA DE PRIVACIDADE<\/p>\n<p>[\/et_pb_text][\/et_pb_column][\/et_pb_row][et_pb_row _builder_version=&#8221;4.14.8&#8243; _module_preset=&#8221;default&#8221; global_colors_info=&#8221;{}&#8221;][et_pb_column type=&#8221;4_4&#8243; _builder_version=&#8221;4.14.8&#8243; _module_preset=&#8221;default&#8221; global_colors_info=&#8221;{}&#8221;][et_pb_text _builder_version=&#8221;4.14.8&#8243; _module_preset=&#8221;default&#8221; header_3_font=&#8221;|700||on|||||&#8221; header_3_text_color=&#8221;#000000&#8243; header_3_font_size=&#8221;14px&#8221; hover_enabled=&#8221;0&#8243; global_colors_info=&#8221;{}&#8221; sticky_enabled=&#8221;0&#8243;]<\/p>\n<p><strong>FRASERFRANCE.COM<\/strong><\/p>\n<p>&nbsp;<\/p>\n<h3>ARTIGO 1: PRE\u00c2MBULO<\/h3>\n<p>O objectivo desta pol\u00edtica de privacidade \u00e9 o de informar os utilizadores do s\u00edtio:<\/p>\n<ul>\n<li>Sobre a forma como os seus dados pessoais s\u00e3o recolhidos. Qualquer informa\u00e7\u00e3o que possa ser utilizada para identificar um utilizador \u00e9 considerada dados pessoais. Isto pode incluir: nome completo, idade, endere\u00e7o postal ou electr\u00f3nico, localiza\u00e7\u00e3o ou endere\u00e7o IP (lista n\u00e3o exaustiva);<\/li>\n<li>Sobre os direitos que lhes assistem relativamente a estes dados;<\/li>\n<li>Sobre a pessoa respons\u00e1vel pelo tratamento dos dados pessoais recolhidos e tratados ;<\/li>\n<li>Sobre os destinat\u00e1rios destes dados pessoais;<\/li>\n<li>Sobre a pol\u00edtica de cookies do s\u00edtio.<\/li>\n<\/ul>\n<p>Esta pol\u00edtica complementa os avisos legais que podem ser consultados pelos utilizadores no seguinte endere\u00e7o <span style=\"color: #333333;\"><br \/>\n  <a href=\"https:\/\/fraserfrance.com\/pt-pt\/informacao-legal\/\" style=\"color: #333333;\">fraserfrance.com\/legal-mentions<\/a><br \/>\n<\/span><\/p>\n<p>&nbsp;<\/p>\n<h3>ARTIGO 2: PRINC\u00cdPIOS RELATIVOS \u00c0 RECOLHA E TRATAMENTO DE DADOS PESSOAIS<\/h3>\n<p>Em conformidade com o artigo 5\u00ba do Regulamento Europeu 2016\/679, os dados pessoais s\u00e3o :<\/p>\n<ul>\n<li>Processado de forma legal, justa e transparente para a pessoa a quem os dados dizem respeito;<\/li>\n<li>Recolhidos para fins espec\u00edficos, expl\u00edcitos e leg\u00edtimos (ver Artigo 3.1 do presente documento) e n\u00e3o processados posteriormente de forma incompat\u00edvel com esses fins;<\/li>\n<li>Adequado, relevante e limitado ao necess\u00e1rio para os fins para os quais s\u00e3o processados;<\/li>\n<li>Precisas e, quando necess\u00e1rio, actualizadas. Devem ser tomadas todas as medidas razo\u00e1veis para assegurar que os dados pessoais inexactos, tendo em conta as finalidades para as quais s\u00e3o processados, sejam apagados ou rectificados sem demora;<\/li>\n<li>Conservados numa forma que permita a identifica\u00e7\u00e3o das pessoas em causa apenas durante o tempo necess\u00e1rio para os fins para os quais s\u00e3o tratados;<\/li>\n<li>Processados de forma a garantir a seguran\u00e7a adequada dos dados recolhidos, incluindo a protec\u00e7\u00e3o contra o processamento n\u00e3o autorizado ou ilegal e contra a perda, destrui\u00e7\u00e3o ou danos acidentais, utilizando medidas t\u00e9cnicas ou organizacionais adequadas.<\/li>\n<\/ul>\n<p>O processamento s\u00f3 \u00e9 legal se e na medida em que pelo menos uma das seguintes condi\u00e7\u00f5es for cumprida<\/p>\n<ul>\n<li>A pessoa em causa consentiu no tratamento dos seus dados pessoais para um ou mais fins espec\u00edficos;<\/li>\n<li>O tratamento \u00e9 necess\u00e1rio para a execu\u00e7\u00e3o de um contrato em que a pessoa em causa \u00e9 parte ou para a execu\u00e7\u00e3o de medidas pr\u00e9-contratuais tomadas a pedido da pessoa em causa;<\/li>\n<li>O tratamento \u00e9 necess\u00e1rio para o cumprimento de uma obriga\u00e7\u00e3o legal a que o controlador est\u00e1 sujeito;<\/li>\n<li>O tratamento \u00e9 necess\u00e1rio para proteger os interesses vitais da pessoa em causa ou de outra pessoa singular;<\/li>\n<li>O processamento \u00e9 necess\u00e1rio para o desempenho de uma tarefa de interesse p\u00fablico ou no exerc\u00edcio da autoridade oficial investida no controlador;<\/li>\n<li>O tratamento \u00e9 necess\u00e1rio para os fins dos interesses leg\u00edtimos prosseguidos pelo respons\u00e1vel pelo tratamento ou por terceiros, salvo se prevalecerem os interesses ou direitos e liberdades fundamentais da pessoa em causa que exigem a protec\u00e7\u00e3o de dados pessoais, em particular quando a pessoa em causa \u00e9 uma crian\u00e7a.<\/li>\n<\/ul>\n<p>&nbsp;<\/p>\n<p><strong>ARTIGO 3: DADOS PESSOAIS RECOLHIDOS E TRATADOS NO CONTEXTO DA NAVEGA\u00c7\u00c3O NO SITE<\/strong><\/p>\n<p><strong>Artigo 3.1: Dados recolhidos  <\/strong><\/p>\n<p>Ao ligarem-se ao S\u00edtio, os sistemas inform\u00e1ticos e os procedimentos de software utilizados para os operar automaticamente e\/ou indirectamente adquirem determinadas informa\u00e7\u00f5es (cookies).<br \/>Em conformidade com a lei, a Fraser France n\u00e3o recolhe dados que revelem origem racial ou \u00e9tnica, opini\u00f5es pol\u00edticas, cren\u00e7as religiosas ou filos\u00f3ficas ou filia\u00e7\u00e3o sindical, dados gen\u00e9ticos pessoais, dados biom\u00e9tricos pessoais para efeitos de identifica\u00e7\u00e3o \u00fanica de uma pessoa singular, dados pessoais relativos \u00e0 sa\u00fade ou dados pessoais relativos \u00e0 vida sexual ou orienta\u00e7\u00e3o sexual de uma pessoa singular.<\/p>\n<p>Os dados pessoais recolhidos no \u00e2mbito da nossa actividade s\u00e3o os seguintes: nome, nome pr\u00f3prio, endere\u00e7o de correio electr\u00f3nico do utilizador.<\/p>\n<p>A recolha e tratamento destes dados serve o(s) seguinte(s) objectivo(s):<br \/>&#8211; Controlo da qualidade dos servi\u00e7os<\/p>\n<p><strong>Artigo 3.2: M\u00e9todo de recolha de dados  <\/strong><\/p>\n<p>Os dados pessoais s\u00e3o recolhidos quando se realizam as seguintes opera\u00e7\u00f5es na plataforma:<br \/>&#8211; Preenchimento do formul\u00e1rio de contacto de modo a melhor corresponder \u00e0s expectativas do utilizador.<\/p>\n<p>S\u00e3o mantidos pelo respons\u00e1vel pelo tratamento de dados em condi\u00e7\u00f5es de seguran\u00e7a razo\u00e1veis durante um<span style=\"color: #333333;\">per\u00edodo de : <\/span><span style=\"color: #bd1622;\"><br \/>\n  <i><br \/>\n    <span style=\"color: #333333;\">36 meses<\/span><br \/>\n  <\/i><br \/>\n<\/span><\/p>\n<p>A empresa pode reter certos dados pessoais para al\u00e9m dos limites de tempo acima estabelecidos, a fim de cumprir as suas obriga\u00e7\u00f5es legais ou regulamentares.<\/p>\n<p>&nbsp;<\/p>\n<h3>ARTIGO 4: RESPONS\u00c1VEL PELO TRATAMENTO E PROTEC\u00c7\u00c3O DE DADOS<\/h3>\n<p>&nbsp;<\/p>\n<h3><strong>Artigo 4.1: O respons\u00e1vel pelo tratamento dos dados  <\/strong><\/h3>\n<p>Os dados pessoais s\u00e3o recolhidos por <span>FRASER FRANCE &#8211; SAS com um capital de 15 000 euros &#8211; SIRET 792 007 304 00050- 8 rue Auguste Poncetton 42000 SAINT-ETIENNE, c\u00f3digo NAF: 33.12Z, IVA <span style=\"color: #333333;\">intra-comunit\u00e1rio: FR37792007304<\/span><\/span><\/p>\n<p>O respons\u00e1vel pelo tratamento dos dados pessoais pode ser contactado da seguinte forma<\/p>\n<p>Por correio para o endere\u00e7o: <span>8 rue Auguste Poncetton &#8211; 42000 SAINT-ETIENNE<\/span>;<\/p>\n<p>Por telefone, \u00e0s <span>04.77.74.99.35<\/span>;<\/p>\n<p>Por correio:<span style=\"color: #333333;\">  <a href=\"mailto:contact@fraserfrance.com\" style=\"color: #333333;\">contact@fraserfrance.com<\/a><\/span><\/p>\n<p><span><\/span><\/p>\n<h3>ARTIGO 5: OS DIREITOS DO UTILIZADOR EM MAT\u00c9RIA DE RECOLHA E TRATAMENTO DE DADOS<\/h3>\n<p>Qualquer utilizador envolvido no tratamento dos seus dados pessoais pode beneficiar dos seguintes direitos, nos termos do Regulamento Europeu 2016\/679 e da Lei da Protec\u00e7\u00e3o de Dados (Lei 78-17 de 6 de Janeiro de 1978):<\/p>\n<ul>\n<li>Direito de acesso, rectifica\u00e7\u00e3o e apagamento de dados (estabelecido nos artigos 15\u00ba, 16\u00ba e 17\u00ba do GDPR, respectivamente);<\/li>\n<li>Direito \u00e0 portabilidade dos dados (artigo 20\u00ba do GDPR) ;<\/li>\n<li>Direito de restringir (Artigo 18 GDPR) e opor-se ao processamento de dados (Artigo 21 GDPR);<\/li>\n<li>Direito a n\u00e3o estar sujeito a uma decis\u00e3o baseada exclusivamente num processo automatizado ;<\/li>\n<li>Direito de determinar o destino dos dados ap\u00f3s a morte ;<\/li>\n<li>Direito de recorrer \u00e0 autoridade de controlo competente (artigo 77\u00ba do GDPR).<\/li>\n<\/ul>\n<p>Para exercer os seus direitos, escreva para FRASER FRANCE &#8211; <span>8 rue Auguste Poncetton &#8211; 42000 SAINT-ETIENNE<\/span> ou por e-mail para<span style=\"color: #333333;\"> <a href=\"mailto:contact@fraserfrance.com\" style=\"color: #333333;\">contact@fraserfrance.com<\/a><\/span><\/p>\n<p>Para que o controlador de dados satisfa\u00e7a o pedido do utilizador, o utilizador pode ser obrigado a fornecer certas informa\u00e7\u00f5es, tais como: nome completo, endere\u00e7o de e-mail e conta, espa\u00e7o pessoal ou n\u00famero de subscritor.<\/p>\n<p>Visite cnil.fr para mais informa\u00e7\u00f5es sobre os seus direitos.<\/p>\n<p>&nbsp;<\/p>\n<p><strong>ARTIGO 6: CONDI\u00c7\u00d5ES PARA ALTERAR A POL\u00cdTICA DE PRIVACIDADE<\/strong><\/p>\n<p>A editora do s\u00edtio www.fraserfrance.com reserva-se o direito de modificar esta Pol\u00edtica em qualquer altura, a fim de assegurar que os utilizadores do s\u00edtio estejam em conformidade com a lei em vigor.<\/p>\n<p>Quaisquer altera\u00e7\u00f5es n\u00e3o afectar\u00e3o as compras anteriormente efectuadas no site, que permanecer\u00e3o sujeitas \u00e0 Pol\u00edtica em vigor no momento da compra e conforme aceite pelo utilizador no momento da valida\u00e7\u00e3o da compra.<\/p>\n<p>O utilizador \u00e9 convidado a tomar nota desta Pol\u00edtica cada vez que utiliza os nossos servi\u00e7os, sem que seja necess\u00e1rio inform\u00e1-lo formalmente sobre a mesma.<\/p>\n<p>Esta pol\u00edtica foi publicada a 27 de Outubro de 2022 e actualizada a 27 de Outubro de 2022.<\/p>\n<div id=\"mciapp-exclusion-container\"><\/div>\n<p>[\/et_pb_text][\/et_pb_column][\/et_pb_row][\/et_pb_section]<\/p>\n","protected":false},"excerpt":{"rendered":"<p>POL\u00cdTICA DE PRIVACIDADEFRASERFRANCE.COM &nbsp; ARTIGO 1: PRE\u00c2MBULO O objectivo desta pol\u00edtica de privacidade \u00e9 o de informar os utilizadores do s\u00edtio: Sobre a forma como os seus dados pessoais s\u00e3o recolhidos. Qualquer informa\u00e7\u00e3o que possa ser utilizada para identificar um utilizador \u00e9 considerada dados pessoais. Isto pode incluir: nome completo, idade, endere\u00e7o postal ou electr\u00f3nico, [&hellip;]<\/p>\n","protected":false},"author":1,"featured_media":0,"parent":0,"menu_order":0,"comment_status":"closed","ping_status":"closed","template":"","meta":{"_et_pb_use_builder":"on","_et_pb_old_content":"","_et_gb_content_width":"","_monsterinsights_skip_tracking":false,"_monsterinsights_sitenote_active":false,"_monsterinsights_sitenote_note":"","_monsterinsights_sitenote_category":0,"footnotes":""},"class_list":["post-2594","page","type-page","status-publish","hentry"],"aioseo_notices":[],"yoast_head":"<!-- This site is optimized with the Yoast SEO plugin v24.6 - https:\/\/yoast.com\/wordpress\/plugins\/seo\/ -->\n<title>Pol\u00edtica de Privacidade - Fraser France<\/title>\n<meta name=\"robots\" content=\"index, follow, max-snippet:-1, max-image-preview:large, max-video-preview:-1\" \/>\n<link rel=\"canonical\" href=\"https:\/\/fraserfrance.com\/pt-pt\/politica-de-privacidade\/\" \/>\n<meta property=\"og:locale\" content=\"pt_PT\" \/>\n<meta property=\"og:type\" content=\"article\" \/>\n<meta property=\"og:title\" content=\"Pol\u00edtica de Privacidade - Fraser France\" \/>\n<meta property=\"og:description\" content=\"POL\u00cdTICA DE PRIVACIDADEFRASERFRANCE.COM &nbsp; ARTIGO 1: PRE\u00c2MBULO O objectivo desta pol\u00edtica de privacidade \u00e9 o de informar os utilizadores do s\u00edtio: Sobre a forma como os seus dados pessoais s\u00e3o recolhidos. Qualquer informa\u00e7\u00e3o que possa ser utilizada para identificar um utilizador \u00e9 considerada dados pessoais. Isto pode incluir: nome completo, idade, endere\u00e7o postal ou electr\u00f3nico, [&hellip;]\" \/>\n<meta property=\"og:url\" content=\"https:\/\/fraserfrance.com\/pt-pt\/politica-de-privacidade\/\" \/>\n<meta property=\"og:site_name\" content=\"Fraser France\" \/>\n<meta property=\"article:modified_time\" content=\"2023-03-06T15:15:58+00:00\" \/>\n<meta name=\"twitter:card\" content=\"summary_large_image\" \/>\n<meta name=\"twitter:label1\" content=\"Tempo estimado de leitura\" \/>\n\t<meta name=\"twitter:data1\" content=\"7 minutos\" \/>\n<script type=\"application\/ld+json\" class=\"yoast-schema-graph\">{\"@context\":\"https:\/\/schema.org\",\"@graph\":[{\"@type\":\"WebPage\",\"@id\":\"https:\/\/fraserfrance.com\/pt-pt\/politica-de-privacidade\/\",\"url\":\"https:\/\/fraserfrance.com\/pt-pt\/politica-de-privacidade\/\",\"name\":\"Pol\u00edtica de Privacidade - Fraser France\",\"isPartOf\":{\"@id\":\"https:\/\/fraserfrance.com\/pt-pt\/#website\"},\"datePublished\":\"2022-10-27T12:56:20+00:00\",\"dateModified\":\"2023-03-06T15:15:58+00:00\",\"breadcrumb\":{\"@id\":\"https:\/\/fraserfrance.com\/pt-pt\/politica-de-privacidade\/#breadcrumb\"},\"inLanguage\":\"pt-PT\",\"potentialAction\":[{\"@type\":\"ReadAction\",\"target\":[\"https:\/\/fraserfrance.com\/pt-pt\/politica-de-privacidade\/\"]}]},{\"@type\":\"BreadcrumbList\",\"@id\":\"https:\/\/fraserfrance.com\/pt-pt\/politica-de-privacidade\/#breadcrumb\",\"itemListElement\":[{\"@type\":\"ListItem\",\"position\":1,\"name\":\"Accueil\",\"item\":\"https:\/\/fraserfrance.com\/pt-pt\/fraser\/\"},{\"@type\":\"ListItem\",\"position\":2,\"name\":\"Pol\u00edtica de Privacidade\"}]},{\"@type\":\"WebSite\",\"@id\":\"https:\/\/fraserfrance.com\/pt-pt\/#website\",\"url\":\"https:\/\/fraserfrance.com\/pt-pt\/\",\"name\":\"Fraser France\",\"description\":\"Redonner vie \u00e0 vos rolls\",\"potentialAction\":[{\"@type\":\"SearchAction\",\"target\":{\"@type\":\"EntryPoint\",\"urlTemplate\":\"https:\/\/fraserfrance.com\/pt-pt\/?s={search_term_string}\"},\"query-input\":{\"@type\":\"PropertyValueSpecification\",\"valueRequired\":true,\"valueName\":\"search_term_string\"}}],\"inLanguage\":\"pt-PT\"}]}<\/script>\n<!-- \/ Yoast SEO plugin. -->","yoast_head_json":{"title":"Pol\u00edtica de Privacidade - Fraser France","robots":{"index":"index","follow":"follow","max-snippet":"max-snippet:-1","max-image-preview":"max-image-preview:large","max-video-preview":"max-video-preview:-1"},"canonical":"https:\/\/fraserfrance.com\/pt-pt\/politica-de-privacidade\/","og_locale":"pt_PT","og_type":"article","og_title":"Pol\u00edtica de Privacidade - Fraser France","og_description":"POL\u00cdTICA DE PRIVACIDADEFRASERFRANCE.COM &nbsp; ARTIGO 1: PRE\u00c2MBULO O objectivo desta pol\u00edtica de privacidade \u00e9 o de informar os utilizadores do s\u00edtio: Sobre a forma como os seus dados pessoais s\u00e3o recolhidos. Qualquer informa\u00e7\u00e3o que possa ser utilizada para identificar um utilizador \u00e9 considerada dados pessoais. Isto pode incluir: nome completo, idade, endere\u00e7o postal ou electr\u00f3nico, [&hellip;]","og_url":"https:\/\/fraserfrance.com\/pt-pt\/politica-de-privacidade\/","og_site_name":"Fraser France","article_modified_time":"2023-03-06T15:15:58+00:00","twitter_card":"summary_large_image","twitter_misc":{"Tempo estimado de leitura":"7 minutos"},"schema":{"@context":"https:\/\/schema.org","@graph":[{"@type":"WebPage","@id":"https:\/\/fraserfrance.com\/pt-pt\/politica-de-privacidade\/","url":"https:\/\/fraserfrance.com\/pt-pt\/politica-de-privacidade\/","name":"Pol\u00edtica de Privacidade - Fraser France","isPartOf":{"@id":"https:\/\/fraserfrance.com\/pt-pt\/#website"},"datePublished":"2022-10-27T12:56:20+00:00","dateModified":"2023-03-06T15:15:58+00:00","breadcrumb":{"@id":"https:\/\/fraserfrance.com\/pt-pt\/politica-de-privacidade\/#breadcrumb"},"inLanguage":"pt-PT","potentialAction":[{"@type":"ReadAction","target":["https:\/\/fraserfrance.com\/pt-pt\/politica-de-privacidade\/"]}]},{"@type":"BreadcrumbList","@id":"https:\/\/fraserfrance.com\/pt-pt\/politica-de-privacidade\/#breadcrumb","itemListElement":[{"@type":"ListItem","position":1,"name":"Accueil","item":"https:\/\/fraserfrance.com\/pt-pt\/fraser\/"},{"@type":"ListItem","position":2,"name":"Pol\u00edtica de Privacidade"}]},{"@type":"WebSite","@id":"https:\/\/fraserfrance.com\/pt-pt\/#website","url":"https:\/\/fraserfrance.com\/pt-pt\/","name":"Fraser France","description":"Redonner vie \u00e0 vos rolls","potentialAction":[{"@type":"SearchAction","target":{"@type":"EntryPoint","urlTemplate":"https:\/\/fraserfrance.com\/pt-pt\/?s={search_term_string}"},"query-input":{"@type":"PropertyValueSpecification","valueRequired":true,"valueName":"search_term_string"}}],"inLanguage":"pt-PT"}]}},"jetpack_sharing_enabled":true,"_links":{"self":[{"href":"https:\/\/fraserfrance.com\/pt-pt\/wp-json\/wp\/v2\/pages\/2594","targetHints":{"allow":["GET"]}}],"collection":[{"href":"https:\/\/fraserfrance.com\/pt-pt\/wp-json\/wp\/v2\/pages"}],"about":[{"href":"https:\/\/fraserfrance.com\/pt-pt\/wp-json\/wp\/v2\/types\/page"}],"author":[{"embeddable":true,"href":"https:\/\/fraserfrance.com\/pt-pt\/wp-json\/wp\/v2\/users\/1"}],"replies":[{"embeddable":true,"href":"https:\/\/fraserfrance.com\/pt-pt\/wp-json\/wp\/v2\/comments?post=2594"}],"version-history":[{"count":2,"href":"https:\/\/fraserfrance.com\/pt-pt\/wp-json\/wp\/v2\/pages\/2594\/revisions"}],"predecessor-version":[{"id":2596,"href":"https:\/\/fraserfrance.com\/pt-pt\/wp-json\/wp\/v2\/pages\/2594\/revisions\/2596"}],"wp:attachment":[{"href":"https:\/\/fraserfrance.com\/pt-pt\/wp-json\/wp\/v2\/media?parent=2594"}],"curies":[{"name":"wp","href":"https:\/\/api.w.org\/{rel}","templated":true}]}}